{"id":8486,"date":"2015-11-07T09:13:00","date_gmt":"2015-11-07T08:13:00","guid":{"rendered":"http:\/\/samuserensemble.fr\/?page_id=8486"},"modified":"2021-09-21T00:16:10","modified_gmt":"2021-09-20T22:16:10","slug":"a-propos-de-lauteure","status":"publish","type":"page","link":"http:\/\/samuserensemble.fr\/?page_id=8486","title":{"rendered":"A propos de l&rsquo;auteure"},"content":{"rendered":"\n<p>Ce blog est tenu par St\u00e9phanie Boudaille-Lorin, journaliste, qui jongle avec son emploi du temps pour :<\/p>\n\n\n\n<ul class=\"wp-block-list\"><li>alimenter S&rsquo;Amuser Ensemble au quotidien,<\/li><li>\u00e9crire, corriger ou traduire des\u00a0<a href=\"https:\/\/www.amazon.fr\/s\/ref=sr_gnr_fkmr0\/257-1058568-7615663?rh=i%3Aaps%2Ck%3ABoudaille-Lorin&amp;keywords=Boudaille-Lorin&amp;ie=UTF8&amp;qid=1501318835\" target=\"_blank\" rel=\"noreferrer noopener\">ouvrages<\/a>,<\/li><li>g\u00e9rer le\u00a0<a href=\"http:\/\/passeportpourlaventure.fr\/\" target=\"_blank\" rel=\"noreferrer noopener\">Club Voyage autour du monde<\/a> et ses archives, pour d\u00e9couvrir les pays \u00e9trangers et leurs cultures depuis chez soi,<\/li><li>contribuer au magazine parental \u00e9colo\u00a0<a href=\"http:\/\/www.grandirautrement.com\/fr\/\" target=\"_blank\" rel=\"noreferrer noopener\">Grandir Autrement<\/a>, au site de\u00a0<a href=\"http:\/\/www.femininbio.com\/membre\/315487\/articles\" target=\"_blank\" rel=\"noreferrer noopener\">F\u00e9minin Bio<\/a>,<\/li><li><a href=\"http:\/\/www.amazon.fr\/s\/ref=nb_sb_noss?__mk_fr_FR=%C3%85M%C3%85%C5%BD%C3%95%C3%91&amp;url=search-alias%3Daps&amp;field-keywords=St%C3%A9phanie+Boudaille-Lorin\" target=\"_blank\" rel=\"noreferrer noopener\"><\/a>sans oublier de mener une vie riche en d\u00e9couvertes avec ses gar\u00e7ons instruits en famille !<\/li><\/ul>\n\n\n\n<p>Pour information : ce blog est un blog professionnel. L&rsquo;auteure re\u00e7oit des services de presse, en tant que journaliste. En revanche, elle travaille en toute ind\u00e9pendance : pas de partenariat financier, pas de liens affili\u00e9s, pas d&rsquo;articles sponsoris\u00e9s, pas de liens ou mots-cl\u00e9s inclus \u00e0 la demande d&rsquo;un tiers, pas d&rsquo;engagement \u00e0 mettre en avant quoi que ce soit. Les ouvrages, jeux, sorties et autres activit\u00e9s pr\u00e9sent\u00e9s ici le sont parce qu&rsquo;ils nous ont convaincus. Si nous n&rsquo;aimons pas, nous n&rsquo;en parlons pas !<\/p>\n\n\n\n<p>SIRET 44896550900020<\/p>\n\n\n\n<p>Pour me contacter : blogsamuserensemble(a)gmail.com<\/p>\n","protected":false},"excerpt":{"rendered":"<p>Ce blog est tenu par St\u00e9phanie Boudaille-Lorin, journaliste, qui jongle avec son emploi du temps pour : alimenter [&hellip;]<\/p>\n","protected":false},"author":1,"featured_media":0,"parent":0,"menu_order":0,"comment_status":"closed","ping_status":"closed","template":"","meta":{"om_disable_all_campaigns":false,"_monsterinsights_skip_tracking":false,"_monsterinsights_sitenote_active":false,"_monsterinsights_sitenote_note":"","_monsterinsights_sitenote_category":0,"footnotes":""},"class_list":["post-8486","page","type-page","status-publish","hentry"],"aioseo_notices":[],"jetpack_sharing_enabled":true,"_links":{"self":[{"href":"http:\/\/samuserensemble.fr\/index.php?rest_route=\/wp\/v2\/pages\/8486","targetHints":{"allow":["GET"]}}],"collection":[{"href":"http:\/\/samuserensemble.fr\/index.php?rest_route=\/wp\/v2\/pages"}],"about":[{"href":"http:\/\/samuserensemble.fr\/index.php?rest_route=\/wp\/v2\/types\/page"}],"author":[{"embeddable":true,"href":"http:\/\/samuserensemble.fr\/index.php?rest_route=\/wp\/v2\/users\/1"}],"replies":[{"embeddable":true,"href":"http:\/\/samuserensemble.fr\/index.php?rest_route=%2Fwp%2Fv2%2Fcomments&post=8486"}],"version-history":[{"count":1,"href":"http:\/\/samuserensemble.fr\/index.php?rest_route=\/wp\/v2\/pages\/8486\/revisions"}],"predecessor-version":[{"id":8492,"href":"http:\/\/samuserensemble.fr\/index.php?rest_route=\/wp\/v2\/pages\/8486\/revisions\/8492"}],"wp:attachment":[{"href":"http:\/\/samuserensemble.fr\/index.php?rest_route=%2Fwp%2Fv2%2Fmedia&parent=8486"}],"curies":[{"name":"wp","href":"https:\/\/api.w.org\/{rel}","templated":true}]}}